{"id":1606,"date":"2020-08-26T11:59:16","date_gmt":"2020-08-26T11:59:16","guid":{"rendered":"https:\/\/www.bluegreenholiday.nl\/buchen-sie-ihren-urlaub-in-zeeland-mit-blue-green-holiday\/"},"modified":"2023-11-18T08:31:46","modified_gmt":"2023-11-18T08:31:46","slug":"buchen-sie-ihren-urlaub-in-zeeland-mit-blue-green-holiday","status":"publish","type":"page","link":"https:\/\/www.bluegreenholiday.nl\/de\/","title":{"rendered":"Buchen Sie Ihren Urlaub in Zeeland mit Blue Green Holiday"},"content":{"rendered":"<p><strong>Erleben Sie Zeeland und mieten Sie eines unserer Ferienh\u00e4user bei Blue Green Holiday. Buchen Sie einen wundersch\u00f6nen Urlaub, bei dem Sie immer nur 10 Autominuten vom Wasser entfernt sind. <\/strong><\/p>\n<h3>Blue Green Holiday<\/h3>\n<p>Wenn Sie bei uns einen Urlaub in Zeeland buchen, ist Ihnen ein Urlaub nach Ihrem Geschmack garantiert. Wir kennen diese Gegend wie kein anderer und k\u00f6nnen Ihnen daher die richtige Ferienunterkunft anbieten. Von der Ankunft bis zur Abreise stehen wir f\u00fcr pers\u00f6nlichen Kontakt, damit Sie einen unbeschwerten Urlaub in Zeeland verbringen k\u00f6nnen. Werfen Sie einen Blick auf unsere Website, um weitere Informationen und die Verf\u00fcgbarkeit der angebotenen Ferienh\u00e4user zu erhalten.<\/p>\n<h3>Warum Zeeland das perfekte Reiseziel f\u00fcr Ihren n\u00e4chsten Urlaub ist<\/h3>\n<p>Das an der sch\u00f6nen K\u00fcste der Niederlande gelegene Zeeland ist ein Urlaubsziel, das jeder Reisende in Betracht ziehen sollte. Mit seinen ausgedehnten Str\u00e4nden, malerischen D\u00f6rfern und seiner reichen maritimen Geschichte hat Zeeland f\u00fcr jeden etwas zu bieten.<\/p>\n<p>Die kilometerlange K\u00fcste Zeelands bietet unz\u00e4hlige M\u00f6glichkeiten zum Sonnenbaden, Schwimmen und Wassersport. Aber nicht nur die K\u00fcste ist sehenswert. Sie k\u00f6nnen auch historische St\u00e4dte wie <a href=\"https:\/\/www.bluegreenholiday.nl\/de\/umgebung\/viele-sehenswuerdigkeiten\/\" target=\"_blank\" rel=\"noopener\">Middelburg<\/a> und Vlissingen besuchen, die ber\u00fchmten seel\u00e4ndischen Muscheln kosten und die einzigartige Kultur der Region entdecken.<\/p>\n<p>F\u00fcr Naturliebhaber gibt es sch\u00f6ne Naturschutzgebiete wie die Oosterschelde, wo man Robben und seltene Vogelarten bewundern kann. F\u00fcr Radfahrer und Wanderer gibt es zahlreiche gut ausgebaute Wege, die sich durch die Landschaft schl\u00e4ngeln.<\/p>\n<p>Kurzum, Zeeland bietet die ideale Mischung aus Entspannung, Abenteuer und Kultur. Ob Sie nun einen erholsamen Strandurlaub, einen <a href=\"https:\/\/www.dagattractieszeeland.nl\/de\/\" target=\"_blank\" rel=\"noopener\">Aktivurlaub<\/a> in der Natur oder eine kulturelle Entdeckungsreise suchen, Zeeland hat alles zu bieten. Erleben Sie in Ihrem n\u00e4chsten Urlaub den Charme von Zeeland.<\/p>\n<p>Bis bald!<\/p>\n","protected":false},"excerpt":{"rendered":"<p>Erleben Sie Zeeland und mieten Sie eines unserer Ferienh\u00e4user bei Blue Green Holiday. Buchen Sie einen wundersch\u00f6nen Urlaub, bei dem Sie immer nur 10 Autominuten vom Wasser entfernt sind. Blue Green Holiday Wenn Sie bei uns einen Urlaub in Zeeland buchen, ist Ihnen ein Urlaub nach Ihrem Geschmack garantiert. Wir kennen diese Gegend wie kein [&hellip;]<\/p>\n","protected":false},"author":1,"featured_media":1507,"parent":0,"menu_order":0,"comment_status":"closed","ping_status":"closed","template":"","meta":{"_acf_changed":false,"footnotes":""},"class_list":["post-1606","page","type-page","status-publish","has-post-thumbnail","hentry"],"acf":[],"_links":{"self":[{"href":"https:\/\/www.bluegreenholiday.nl\/de\/wp-json\/wp\/v2\/pages\/1606","targetHints":{"allow":["GET"]}}],"collection":[{"href":"https:\/\/www.bluegreenholiday.nl\/de\/wp-json\/wp\/v2\/pages"}],"about":[{"href":"https:\/\/www.bluegreenholiday.nl\/de\/wp-json\/wp\/v2\/types\/page"}],"author":[{"embeddable":true,"href":"https:\/\/www.bluegreenholiday.nl\/de\/wp-json\/wp\/v2\/users\/1"}],"replies":[{"embeddable":true,"href":"https:\/\/www.bluegreenholiday.nl\/de\/wp-json\/wp\/v2\/comments?post=1606"}],"version-history":[{"count":3,"href":"https:\/\/www.bluegreenholiday.nl\/de\/wp-json\/wp\/v2\/pages\/1606\/revisions"}],"predecessor-version":[{"id":1769,"href":"https:\/\/www.bluegreenholiday.nl\/de\/wp-json\/wp\/v2\/pages\/1606\/revisions\/1769"}],"wp:featuredmedia":[{"embeddable":true,"href":"https:\/\/www.bluegreenholiday.nl\/de\/wp-json\/wp\/v2\/media\/1507"}],"wp:attachment":[{"href":"https:\/\/www.bluegreenholiday.nl\/de\/wp-json\/wp\/v2\/media?parent=1606"}],"curies":[{"name":"wp","href":"https:\/\/api.w.org\/{rel}","templated":true}]}}