{"id":1616,"date":"2021-11-23T16:08:02","date_gmt":"2021-11-23T16:08:02","guid":{"rendered":"https:\/\/www.bluegreenholiday.nl\/scooterverleih-zeeland\/"},"modified":"2023-11-09T09:58:39","modified_gmt":"2023-11-09T09:58:39","slug":"rollerverleih-zeeland","status":"publish","type":"page","link":"https:\/\/www.bluegreenholiday.nl\/de\/rollerverleih-zeeland\/","title":{"rendered":"Rollerverleih Zeeland"},"content":{"rendered":"<p>Zeeland kann auf viele Arten erkundet werden. Aber wie w\u00e4re es, wenn Sie das unter der Sonne und mit dem Haar im Wind tun w\u00fcrden? Mit einem gemieteten Roller, Fahrrad oder einem coolen E-Chopper von <a href=\"https:\/\/www.scooterhurenzeeland.nl\" target=\"_blank\" rel=\"noopener\">Scooter Huren Zeeland<\/a> steht einem herrlichen Tag zum Einkaufen, Genie\u00dfen und Entspannen in Zeeland nichts mehr im Wege.<\/p>\n<p>So k\u00f6nnen Sie ganz einfach das historische Goes besuchen, das auch die Modestadt von Zeeland genannt wird. Hier k\u00f6nnen Sie einen ganzen Tag lang bei gro\u00dfen Marken oder bei charmanten Einzelh\u00e4ndlern einkaufen. Aber <a href=\"https:\/\/www.bluegreenholiday.nl\/de\/umgebung\/immer-etwas-zu-tun\/\" target=\"_blank\" rel=\"noopener\">Goes<\/a> bietet viel mehr als nur Mode. Hier sind Sie also auch richtig, wenn es um tolle Haushaltswaren, Geschenke und trendige Pop-up-Stores geht. Machen Sie einen historischen Rundgang zu all den kulturellen Sch\u00e4tzen. Lassen Sie den Tag mit einem Snack und einem Getr\u00e4nk auf der Sonnenterrasse ausklingen. Sie finden sie alle gem\u00fctlich versammelt auf dem sch\u00f6nen Marktplatz. Wo sie sich sowohl am Nachmittag als auch am Abend vergn\u00fcgen, und an den Kais des malerischen Jachthafens.<\/p>\n<p>Ein abenteuerlicher Tag in Zeeland auf einem Roller? Dann haben wir viele tolle Routen f\u00fcr Sie, auf denen Sie die Natur Zeelands mit ihren sch\u00f6nen Blumendeichen, Obstg\u00e4rten, fotogenen Hotspots, Museen und der Umgebung in Ihrem eigenen Tempo entdecken k\u00f6nnen. Bringen Sie einen gut gef\u00fcllten Picknickkorb mit Leckereien und zeel\u00e4ndischen Snacks mit und essen Sie an der Oosterscheldem\u00fcndung zu Mittag.<\/p>\n<p>Wenn Sie einen Roller von Scooter Huren Zeeland mieten, k\u00f6nnen Sie die weite K\u00fcste, die gem\u00fctlichen D\u00f6rfer und die sch\u00f6nen Landstra\u00dfen mit Freunden oder der Familie genie\u00dfen. Erleben Sie die Freiheit selbst und buchen Sie Ihren Roller, Ihr Fahrrad, Ihr Tuktuk oder Ihren E-Chopper \u00fcber unsere Website.<\/p>\n","protected":false},"excerpt":{"rendered":"<p>Zeeland kann auf viele Arten erkundet werden. Aber wie w\u00e4re es, wenn Sie das unter der Sonne und mit dem Haar im Wind tun w\u00fcrden? Mit einem gemieteten Roller, Fahrrad oder einem coolen E-Chopper von Scooter Huren Zeeland steht einem herrlichen Tag zum Einkaufen, Genie\u00dfen und Entspannen in Zeeland nichts mehr im Wege. So k\u00f6nnen [&hellip;]<\/p>\n","protected":false},"author":1,"featured_media":1597,"parent":0,"menu_order":0,"comment_status":"closed","ping_status":"closed","template":"","meta":{"_acf_changed":false,"footnotes":""},"class_list":["post-1616","page","type-page","status-publish","has-post-thumbnail","hentry"],"acf":[],"_links":{"self":[{"href":"https:\/\/www.bluegreenholiday.nl\/de\/wp-json\/wp\/v2\/pages\/1616","targetHints":{"allow":["GET"]}}],"collection":[{"href":"https:\/\/www.bluegreenholiday.nl\/de\/wp-json\/wp\/v2\/pages"}],"about":[{"href":"https:\/\/www.bluegreenholiday.nl\/de\/wp-json\/wp\/v2\/types\/page"}],"author":[{"embeddable":true,"href":"https:\/\/www.bluegreenholiday.nl\/de\/wp-json\/wp\/v2\/users\/1"}],"replies":[{"embeddable":true,"href":"https:\/\/www.bluegreenholiday.nl\/de\/wp-json\/wp\/v2\/comments?post=1616"}],"version-history":[{"count":3,"href":"https:\/\/www.bluegreenholiday.nl\/de\/wp-json\/wp\/v2\/pages\/1616\/revisions"}],"predecessor-version":[{"id":1733,"href":"https:\/\/www.bluegreenholiday.nl\/de\/wp-json\/wp\/v2\/pages\/1616\/revisions\/1733"}],"wp:featuredmedia":[{"embeddable":true,"href":"https:\/\/www.bluegreenholiday.nl\/de\/wp-json\/wp\/v2\/media\/1597"}],"wp:attachment":[{"href":"https:\/\/www.bluegreenholiday.nl\/de\/wp-json\/wp\/v2\/media?parent=1616"}],"curies":[{"name":"wp","href":"https:\/\/api.w.org\/{rel}","templated":true}]}}