{"id":1617,"date":"2021-05-12T09:31:32","date_gmt":"2021-05-12T09:31:32","guid":{"rendered":"https:\/\/www.bluegreenholiday.nl\/ferienhaeuser\/"},"modified":"2023-11-18T11:38:11","modified_gmt":"2023-11-18T11:38:11","slug":"ferienhaus-zeeland","status":"publish","type":"page","link":"https:\/\/www.bluegreenholiday.nl\/de\/ferienhaus-zeeland\/","title":{"rendered":"Ferienh\u00e4user"},"content":{"rendered":"<p>Buchen Sie hier Ihr Ferienhaus und genie\u00dfen Sie \u00fcber 650 Kilometer K\u00fcste zu Ihren F\u00fc\u00dfen, mit weiten Str\u00e4nden und herrlich entspannenden Strandpavillons. Denn egal, wo Sie sich in Zeeland befinden, Sie sind innerhalb von 15 Minuten am Wasser. In den D\u00fcnen, den wundersch\u00f6nen Naturschutzgebieten und W\u00e4ldern kann man endlos wandern, spielen und Sport treiben. Erleben Sie das kulinarische Zeeland in einem der vielen Michelin-Sterne-Restaurants, mit knackigen Zutaten in k\u00f6stlichen Gerichten und grandioser Aussicht.<\/p>\n<p>Probieren Sie frische Schalentiere wie <a href=\"https:\/\/www.touristshopyerseke.nl\/\" target=\"_blank\" rel=\"noopener\">Muscheln und Austern<\/a> oder Nordseehummer, direkt aus dem Meer auf Ihren Teller. Oder machen Sie einen coolen St\u00e4dtetrip in eine der einzigartigen St\u00e4dte wie <a href=\"https:\/\/www.bluegreenholiday.nl\/de\/umgebung\/immer-etwas-zu-tun\/\">Goes<\/a>, Middelburg, Veere, Vlissingen oder Terneuzen. Sammeln Sie unvergessliche Erfahrungen bei coolen Events, Ausfl\u00fcgen und zahlreichen Sport- und Freizeitaktivit\u00e4ten. Ein Urlaub in Zeeland ist unvergesslich.<\/p>\n<p>Wir von Blue Green Holiday helfen Ihnen gerne, das Beste aus Ihrem Aufenthalt in Zeeland zu machen. Und wie sch\u00f6n ist es dann, ein eigenes Ferienhaus zu haben, das genau Ihren Bed\u00fcrfnissen entspricht? Deshalb haben wir alle unsere sch\u00f6nen Unterk\u00fcnfte in North und South Beveland f\u00fcr Sie aufgelistet. Buchen Sie Ihren Aufenthalt f\u00fcr eine romantische Woche zu zweit in Zeeland oder eine Woche mit der Familie in der sch\u00f6nsten Provinz der Niederlande ganz einfach und bequem. Ob Sie sich f\u00fcr eine luxuri\u00f6se Wohnung oder ein gem\u00fctliches Haus mit gro\u00dfem Garten entscheiden. Ihr Urlaub in Zeeland beginnt mit Blue Green Holiday.<\/p>\n<p>In all unseren Unterk\u00fcnften f\u00fchlen Sie sich sofort wie zu Hause. Um Sie zu inspirieren, was Sie in Zeeland unternehmen k\u00f6nnen, haben wir in unserem Blog die besten Tipps f\u00fcr Sie zusammengestellt.<\/p>\n","protected":false},"excerpt":{"rendered":"<p>Buchen Sie hier Ihr Ferienhaus und genie\u00dfen Sie \u00fcber 650 Kilometer K\u00fcste zu Ihren F\u00fc\u00dfen, mit weiten Str\u00e4nden und herrlich entspannenden Strandpavillons. Denn egal, wo Sie sich in Zeeland befinden, Sie sind innerhalb von 15 Minuten am Wasser. In den D\u00fcnen, den wundersch\u00f6nen Naturschutzgebieten und W\u00e4ldern kann man endlos wandern, spielen und Sport treiben. Erleben [&hellip;]<\/p>\n","protected":false},"author":1,"featured_media":1321,"parent":0,"menu_order":1,"comment_status":"closed","ping_status":"closed","template":"","meta":{"_acf_changed":false,"footnotes":""},"class_list":["post-1617","page","type-page","status-publish","has-post-thumbnail","hentry"],"acf":[],"_links":{"self":[{"href":"https:\/\/www.bluegreenholiday.nl\/de\/wp-json\/wp\/v2\/pages\/1617","targetHints":{"allow":["GET"]}}],"collection":[{"href":"https:\/\/www.bluegreenholiday.nl\/de\/wp-json\/wp\/v2\/pages"}],"about":[{"href":"https:\/\/www.bluegreenholiday.nl\/de\/wp-json\/wp\/v2\/types\/page"}],"author":[{"embeddable":true,"href":"https:\/\/www.bluegreenholiday.nl\/de\/wp-json\/wp\/v2\/users\/1"}],"replies":[{"embeddable":true,"href":"https:\/\/www.bluegreenholiday.nl\/de\/wp-json\/wp\/v2\/comments?post=1617"}],"version-history":[{"count":3,"href":"https:\/\/www.bluegreenholiday.nl\/de\/wp-json\/wp\/v2\/pages\/1617\/revisions"}],"predecessor-version":[{"id":1770,"href":"https:\/\/www.bluegreenholiday.nl\/de\/wp-json\/wp\/v2\/pages\/1617\/revisions\/1770"}],"wp:featuredmedia":[{"embeddable":true,"href":"https:\/\/www.bluegreenholiday.nl\/de\/wp-json\/wp\/v2\/media\/1321"}],"wp:attachment":[{"href":"https:\/\/www.bluegreenholiday.nl\/de\/wp-json\/wp\/v2\/media?parent=1617"}],"curies":[{"name":"wp","href":"https:\/\/api.w.org\/{rel}","templated":true}]}}