{"id":1622,"date":"2021-10-18T11:46:42","date_gmt":"2021-10-18T11:46:42","guid":{"rendered":"https:\/\/www.bluegreenholiday.nl\/haeufig-gestellte-fragen\/"},"modified":"2023-11-09T10:15:50","modified_gmt":"2023-11-09T10:15:50","slug":"haeufig-gestellte-fragen","status":"publish","type":"page","link":"https:\/\/www.bluegreenholiday.nl\/de\/haeufig-gestellte-fragen\/","title":{"rendered":"H\u00e4ufig gestellte Fragen"},"content":{"rendered":"<p>Es ist uns sehr wichtig, dass Sie die bestm\u00f6gliche Erfahrung mit Ihrem Ferienhaus haben. Nachstehend finden Sie die Antworten auf die am h\u00e4ufigsten gestellten Fragen.<\/p>\n<p>Ist Ihre Frage nicht aufgef\u00fchrt? Wenn ja, wenden Sie sich bitte an einen unserer Mitarbeiter. Rufen Sie +31 113 &#8211; 75 07 11 an oder schreiben Sie eine E-Mail an: <a href=\"mailto:info@bluegreenholiday.nl\">info@bluegreenholiday.nl<\/a><\/p>\n","protected":false},"excerpt":{"rendered":"<p>Es ist uns sehr wichtig, dass Sie die bestm\u00f6gliche Erfahrung mit Ihrem Ferienhaus haben. Nachstehend finden Sie die Antworten auf die am h\u00e4ufigsten gestellten Fragen. Ist Ihre Frage nicht aufgef\u00fchrt? Wenn ja, wenden Sie sich bitte an einen unserer Mitarbeiter. Rufen Sie +31 113 &#8211; 75 07 11 an oder schreiben Sie eine E-Mail an: [&hellip;]<\/p>\n","protected":false},"author":1,"featured_media":0,"parent":0,"menu_order":7,"comment_status":"closed","ping_status":"closed","template":"","meta":{"_acf_changed":false,"footnotes":""},"class_list":["post-1622","page","type-page","status-publish","hentry"],"acf":[],"_links":{"self":[{"href":"https:\/\/www.bluegreenholiday.nl\/de\/wp-json\/wp\/v2\/pages\/1622","targetHints":{"allow":["GET"]}}],"collection":[{"href":"https:\/\/www.bluegreenholiday.nl\/de\/wp-json\/wp\/v2\/pages"}],"about":[{"href":"https:\/\/www.bluegreenholiday.nl\/de\/wp-json\/wp\/v2\/types\/page"}],"author":[{"embeddable":true,"href":"https:\/\/www.bluegreenholiday.nl\/de\/wp-json\/wp\/v2\/users\/1"}],"replies":[{"embeddable":true,"href":"https:\/\/www.bluegreenholiday.nl\/de\/wp-json\/wp\/v2\/comments?post=1622"}],"version-history":[{"count":3,"href":"https:\/\/www.bluegreenholiday.nl\/de\/wp-json\/wp\/v2\/pages\/1622\/revisions"}],"predecessor-version":[{"id":1740,"href":"https:\/\/www.bluegreenholiday.nl\/de\/wp-json\/wp\/v2\/pages\/1622\/revisions\/1740"}],"wp:attachment":[{"href":"https:\/\/www.bluegreenholiday.nl\/de\/wp-json\/wp\/v2\/media?parent=1622"}],"curies":[{"name":"wp","href":"https:\/\/api.w.org\/{rel}","templated":true}]}}