{"id":1626,"date":"2021-11-23T09:44:41","date_gmt":"2021-11-23T09:44:41","guid":{"rendered":"https:\/\/www.bluegreenholiday.nl\/auf-karte-buchen\/"},"modified":"2023-11-09T09:27:30","modified_gmt":"2023-11-09T09:27:30","slug":"auf-karte-buchen","status":"publish","type":"page","link":"https:\/\/www.bluegreenholiday.nl\/de\/auf-karte-buchen\/","title":{"rendered":"Buchen auf Karte"},"content":{"rendered":"<p>Eine Wohnung, ein Chalet oder ein Ferienhaus in Zeeland buchen? Bei Blue Green Holiday haben wir f\u00fcr Sie die sch\u00f6nsten Unterk\u00fcnfte in Zeeland auf die Karte gesetzt. Wir helfen Ihnen gerne, einen Urlaub zu finden und zu buchen, bei dem Sie sich an der seel\u00e4ndischen K\u00fcste voll und ganz entspannen und genie\u00dfen k\u00f6nnen.<\/p>\n<p>Genie\u00dfen Sie eine romantische Woche mit langen Spazierg\u00e4ngen an den Str\u00e4nden Zeelands. Oder in Naturgebieten wie De Manteling und dem Wald von Westenschouwen. Trinken Sie Kaffee auf den sch\u00f6nsten Terrassen der K\u00fcste in einem der Strandpavillons und genie\u00dfen Sie ein \u00fcppiges Abendessen in einem seel\u00e4ndischen Sternerestaurant.<\/p>\n<p>Auch Familienurlaube sind bei Blue Green Holiday problemlos m\u00f6glich. F\u00fcr Kinder gibt es endloses Klettern, Klettern und Spielen in der <a href=\"https:\/\/www.bluegreenholiday.nl\/de\/nachrichten\/hollaendischer-bauernhof\/\">Hollandse Hoeve,<\/a> und Schwimmen in einem der vielen Schwimmb\u00e4der wie dem tropischen Wald im Sportpark Omnium. Es gibt auch viele sch\u00f6ne <a href=\"https:\/\/www.dagattractieszeeland.nl\/nl\/\" target=\"_blank\" rel=\"noopener\">Tagesausfl\u00fcge<\/a>. Entdecken Sie Zeeland und all seine spannenden Geschichten in sch\u00f6nen Museen, erkunden Sie die lebhaften St\u00e4dte oder genie\u00dfen Sie gemeinsam die Natur. Denn die Natur kommt nicht zu kurz: Faulenzen am Strand, Spazierengehen, Wandern oder Mountainbiken in den W\u00e4ldern und D\u00fcnen oder eine Tour mit dem Motorroller entlang der Oosterschelde. Und dann, nach einem unvergesslichen und sonnenverw\u00f6hnten Tag, kehren Sie zur\u00fcck in Ihre voll ausgestattete Blue Green Holiday Unterkunft.<\/p>\n<p>Wir haben viele wunderbare \u00dcbernachtungsm\u00f6glichkeiten in Nord- und S\u00fcd-Beveland. Mit der Karte k\u00f6nnen Sie Ihr Ferienhaus ganz einfach nach Regionen suchen und buchen. Wir k\u00f6nnen es kaum erwarten, dass Sie kommen und Zeeland entdecken.<\/p>\n","protected":false},"excerpt":{"rendered":"<p>Eine Wohnung, ein Chalet oder ein Ferienhaus in Zeeland buchen? Bei Blue Green Holiday haben wir f\u00fcr Sie die sch\u00f6nsten Unterk\u00fcnfte in Zeeland auf die Karte gesetzt. Wir helfen Ihnen gerne, einen Urlaub zu finden und zu buchen, bei dem Sie sich an der seel\u00e4ndischen K\u00fcste voll und ganz entspannen und genie\u00dfen k\u00f6nnen. Genie\u00dfen Sie [&hellip;]<\/p>\n","protected":false},"author":1,"featured_media":0,"parent":0,"menu_order":0,"comment_status":"closed","ping_status":"closed","template":"","meta":{"_acf_changed":false,"footnotes":""},"class_list":["post-1626","page","type-page","status-publish","hentry"],"acf":[],"_links":{"self":[{"href":"https:\/\/www.bluegreenholiday.nl\/de\/wp-json\/wp\/v2\/pages\/1626","targetHints":{"allow":["GET"]}}],"collection":[{"href":"https:\/\/www.bluegreenholiday.nl\/de\/wp-json\/wp\/v2\/pages"}],"about":[{"href":"https:\/\/www.bluegreenholiday.nl\/de\/wp-json\/wp\/v2\/types\/page"}],"author":[{"embeddable":true,"href":"https:\/\/www.bluegreenholiday.nl\/de\/wp-json\/wp\/v2\/users\/1"}],"replies":[{"embeddable":true,"href":"https:\/\/www.bluegreenholiday.nl\/de\/wp-json\/wp\/v2\/comments?post=1626"}],"version-history":[{"count":3,"href":"https:\/\/www.bluegreenholiday.nl\/de\/wp-json\/wp\/v2\/pages\/1626\/revisions"}],"predecessor-version":[{"id":1722,"href":"https:\/\/www.bluegreenholiday.nl\/de\/wp-json\/wp\/v2\/pages\/1626\/revisions\/1722"}],"wp:attachment":[{"href":"https:\/\/www.bluegreenholiday.nl\/de\/wp-json\/wp\/v2\/media?parent=1626"}],"curies":[{"name":"wp","href":"https:\/\/api.w.org\/{rel}","templated":true}]}}