{"id":1629,"date":"2021-05-12T09:31:32","date_gmt":"2021-05-12T09:31:32","guid":{"rendered":"https:\/\/www.bluegreenholiday.nl\/datenschutzbestimmungen\/"},"modified":"2023-11-09T10:16:36","modified_gmt":"2023-11-09T10:16:36","slug":"datenschutzbestimmungen","status":"publish","type":"page","link":"https:\/\/www.bluegreenholiday.nl\/de\/datenschutzbestimmungen\/","title":{"rendered":"Datenschutzbestimmungen"},"content":{"rendered":"<p>Blue Green Holiday Blue Green Holiday, mit Sitz in Irislaan 15 4401 HX Yerseke, ist f\u00fcr die Verarbeitung der personenbezogenen Daten verantwortlich, die in dieser Datenschutzerkl\u00e4rung aufgef\u00fchrt sind.<\/p>\n<p>Kontaktinformationen:<\/p>\n<p>www.bluegreenholiday.nl Irislaan 15 4401 HX Yerseke +31 113 750711<\/p>\n<p>LJ Steketee ist der Datenschutzbeauftragte von Blue Green Holiday und ist erreichbar unter <span id=\"cloak03919fac5ce6b7cdf409f8c643e8744a\"><br \/>\n<a href=\"mailto:info@bluegreenholiday.nl\">info@bluegreenholiday.nl.<\/a><br \/>\n<\/span><\/p>\n<h2>Von uns verarbeitete personenbezogene Daten<\/h2>\n<p>Blue Green Holiday verarbeitet Ihre pers\u00f6nlichen Daten, weil Sie unsere Dienstleistungen in Anspruch nehmen und\/oder weil Sie sie uns selbst zur Verf\u00fcgung stellen. Nachstehend finden Sie einen \u00dcberblick \u00fcber die von uns verarbeiteten personenbezogenen Daten:<\/p>\n<ul>\n<li>Vorname und Nachname<\/li>\n<li>Geschlecht<\/li>\n<li>Angaben zur Adresse<\/li>\n<li>Rufnummer<\/li>\n<li>E-Mail Adresse<\/li>\n<li>IP-Adresse<\/li>\n<li>Details zum Standort<\/li>\n<li>Daten \u00fcber Ihre Aktivit\u00e4ten auf unserer Website<\/li>\n<\/ul>\n<h2>Besondere und\/oder sensible personenbezogene Daten, die wir verarbeiten<\/h2>\n<p>Unsere Website hat nicht die Absicht, Daten \u00fcber Besucher unter 16 Jahren zu sammeln. Es sei denn, sie haben die Erlaubnis ihrer Eltern oder Erziehungsberechtigten. Wir k\u00f6nnen jedoch nicht \u00fcberpr\u00fcfen, ob ein Besucher \u00fcber 16 Jahre alt ist. Wir raten daher den Eltern, sich an den Online-Aktivit\u00e4ten ihrer Kinder zu beteiligen, um zu vermeiden, dass Daten \u00fcber Kinder ohne die Zustimmung der Eltern gesammelt werden. Wenn Sie der Meinung sind, dass wir personenbezogene Daten \u00fcber einen Minderj\u00e4hrigen ohne eine solche Zustimmung gesammelt haben, kontaktieren Sie uns bitte unter <span id=\"cloak53ae26b1edc6b66444600acba715a140\"><br \/>\n<a href=\"mailto:info@bluegreenholiday.nl\">info@bluegreenholiday.nl<\/a><br \/>\n<\/span>und wir werden diese Informationen l\u00f6schen.<\/p>\n<h2>Zu welchem Zweck und auf welcher Grundlage wir personenbezogene Daten verarbeiten<\/h2>\n<p>Blue Green Holiday verarbeitet Ihre personenbezogenen Daten f\u00fcr die folgenden Zwecke:<\/p>\n<ul>\n<li>Abwicklung Ihrer Zahlung<\/li>\n<li>Zusendung unseres Newsletters und\/oder Werbeprospekts<\/li>\n<li>Sie anzurufen oder per E-Mail zu kontaktieren, wenn dies zur Erbringung unserer Dienstleistungen erforderlich ist<\/li>\n<li>Information \u00fcber \u00c4nderungen an unseren Dienstleistungen und Produkten<\/li>\n<li>Um Ihnen Waren und Dienstleistungen zu liefern<\/li>\n<li>Blue Green Holiday analysiert Ihr Verhalten auf der Website, um die Website zu verbessern und das Angebot an Produkten und Dienstleistungen an Ihre Pr\u00e4ferenzen anzupassen.<\/li>\n<\/ul>\n<h2>Automatisierte Entscheidungsfindung<\/h2>\n<p>Blue Green Holiday trifft keine Entscheidungen \u00fcber Angelegenheiten, die den Einzelnen (erheblich) beeintr\u00e4chtigen k\u00f6nnten, auf der Grundlage einer automatisierten Verarbeitung. Dabei handelt es sich um Entscheidungen, die von Computerprogrammen oder -systemen getroffen werden, ohne dass ein Mensch (z. B. ein Mitarbeiter von Blue Green Holiday) daran beteiligt ist.<\/p>\n<h2>Wie lange wir personenbezogene Daten aufbewahren<\/h2>\n<p>Blue Green Holiday wird Ihre pers\u00f6nlichen Daten nicht l\u00e4nger aufbewahren, als unbedingt notwendig ist, um die Zwecke zu erf\u00fcllen, f\u00fcr die Ihre Daten erhoben wurden.<\/p>\n<h2>Weitergabe personenbezogener Daten an Dritte<\/h2>\n<p>Blue Green Holiday gibt die Daten nur dann an Dritte weiter, wenn dies f\u00fcr die Erf\u00fcllung unserer Vereinbarung mit Ihnen erforderlich ist oder um einer gesetzlichen Verpflichtung nachzukommen.<\/p>\n<h2>Cookies oder \u00e4hnliche Techniken, die wir verwenden<\/h2>\n<p>Blue Green Holiday verwendet nur technische und funktionale Cookies. Und analytische Cookies, die nicht in Ihre Privatsph\u00e4re eindringen. Ein Cookie ist eine kleine Textdatei, die auf Ihrem Computer, Tablet oder Smartphone gespeichert wird, wenn Sie diese Website zum ersten Mal besuchen. Die von uns verwendeten Cookies sind f\u00fcr den technischen Betrieb der Website und Ihre Benutzerfreundlichkeit notwendig. Sie sorgen daf\u00fcr, dass die Website ordnungsgem\u00e4\u00df funktioniert und merken sich zum Beispiel Ihre Pr\u00e4ferenzen. Es erm\u00f6glicht uns auch, unsere Website zu optimieren. Sie k\u00f6nnen die Verwendung von Cookies ablehnen, indem Sie Ihren Internetbrowser so einstellen, dass keine Cookies mehr gespeichert werden. Dar\u00fcber hinaus k\u00f6nnen Sie \u00fcber die Einstellungen Ihres Browsers alle zuvor gespeicherten Informationen l\u00f6schen.<\/p>\n<h2>Daten ansehen, \u00e4ndern oder l\u00f6schen<\/h2>\n<p>Sie haben das Recht auf Zugang, Berichtigung oder L\u00f6schung Ihrer personenbezogenen Daten. Dar\u00fcber hinaus haben Sie das Recht, Ihre etwaige Zustimmung zur Datenverarbeitung zu widerrufen oder der Verarbeitung Ihrer personenbezogenen Daten durch Blue Green Holiday zu widersprechen, sowie das Recht auf Daten\u00fcbertragbarkeit. Das bedeutet, dass Sie uns auffordern k\u00f6nnen, die personenbezogenen Daten, die wir \u00fcber Sie in einer Computerdatei gespeichert haben, an Sie oder eine andere von Ihnen benannte Organisation zu senden. Sie k\u00f6nnen einen Antrag auf Zugang, Berichtigung, L\u00f6schung oder \u00dcbertragung Ihrer personenbezogenen Daten oder auf Widerruf Ihrer Einwilligung oder Widerspruch gegen die Verarbeitung Ihrer personenbezogenen Daten an folgende Adresse richten <span id=\"cloakd67933ce256ebf3c498a7460d8c549d0\"><\/span><a href=\"mailto:info@bluegreenholiday.nl\">info@bluegreenholiday.nl.<\/a> Um sicherzustellen, dass der Antrag auf Einsichtnahme von Ihnen gestellt wird, bitten wir Sie, dem Antrag eine Kopie Ihres Identit\u00e4tsnachweises beizuf\u00fcgen. Schw\u00e4rzen Sie auf dieser Kopie Ihr Passfoto, die MRZ (maschinenlesbare Zone, der Zahlenstreifen am unteren Rand des Passes), die Passnummer und die B\u00fcrgerservicenummer (BSN). Dies dient dem Schutz Ihrer Privatsph\u00e4re. Wir werden Ihre Anfrage so schnell wie m\u00f6glich, jedoch innerhalb von vier Wochen beantworten. Blue Green Holiday m\u00f6chte Sie auch dar\u00fcber informieren, dass Sie die M\u00f6glichkeit haben, eine Beschwerde bei der nationalen Aufsichtsbeh\u00f6rde, der Beh\u00f6rde f\u00fcr personenbezogene Daten, einzureichen. Sie k\u00f6nnen dies \u00fcber den folgenden Link tun: <a href=\"https:\/\/autoriteitpersoonsgegevens.nl\/nl\/contact-met-de-autoriteit-persoonsgegevens\/tip-ons\" target=\"_blank\" rel=\"noopener\">https:\/\/autoriteitpersoonsgegevens.nl\/nl\/contact-met-de-autoriteit-persoonsgegevens\/tip-ons<\/a><\/p>\n<h2>Wie wir personenbezogene Daten sch\u00fctzen<\/h2>\n<p>Blue Green Holiday hat die folgenden Ma\u00dfnahmen ergriffen, um Ihre pers\u00f6nlichen Daten zu sch\u00fctzen:<\/p>\n<ul>\n<li>Wir senden Ihre Daten \u00fcber eine sichere Internetverbindung. Sie erkennen dies an der Adressleiste &#8222;https&#8220; und dem Vorh\u00e4ngeschloss in der Adressleiste.<\/li>\n<li>DKIM, SPF und DMARC sind drei Internet-Standards, die wir verwenden, um zu verhindern, dass Sie in unserem Namen E-Mails erhalten, die Viren enthalten, Spam sind oder auf pers\u00f6nliche (Anmelde-)Daten abzielen.<\/li>\n<li>DNSSEC ist eine zus\u00e4tzliche Sicherheit (erg\u00e4nzend zu DNS) f\u00fcr die Umwandlung eines Dom\u00e4nennamens recranet.com in die zugeh\u00f6rige IP-Adresse; sie ist mit einer digitalen Signatur versehen. Sie k\u00f6nnen diese Unterschrift automatisch \u00fcberpr\u00fcfen lassen. Auf diese Weise verhindern wir, dass Sie auf eine gef\u00e4lschte IP-Adresse umgeleitet werden.<br \/>\nWir \u00fcberpr\u00fcfen die Protokolldateien aktiv auf fehlerhafte Anmeldeversuche; im Falle eines fehlerhaften Anmeldeversuchs wird sofort eine Sperre verh\u00e4ngt.<\/li>\n<li>Mitarbeiter und Administratoren verwenden Passw\u00f6rter unter Einhaltung strenger Sicherheitsanforderungen.<\/li>\n<\/ul>\n<h2>Sicherheit nach PCI DSS<\/h2>\n<p>Die Server von Blue Green Holiday entsprechen dem PCI (Payment Card Industry) Datensicherheitsstandard. Der PCI-Datensicherheitsstandard stellt eine Reihe von Anforderungen dar, die eine Webanwendung erf\u00fcllen muss, bevor Kundenzahlungen und Kreditkartendaten \u00fcber das Internet verarbeitet werden k\u00f6nnen.<\/p>\n","protected":false},"excerpt":{"rendered":"<p>Blue Green Holiday Blue Green Holiday, mit Sitz in Irislaan 15 4401 HX Yerseke, ist f\u00fcr die Verarbeitung der personenbezogenen Daten verantwortlich, die in dieser Datenschutzerkl\u00e4rung aufgef\u00fchrt sind. Kontaktinformationen: www.bluegreenholiday.nl Irislaan 15 4401 HX Yerseke +31 113 750711 LJ Steketee ist der Datenschutzbeauftragte von Blue Green Holiday und ist erreichbar unter info@bluegreenholiday.nl. Von uns verarbeitete [&hellip;]<\/p>\n","protected":false},"author":1,"featured_media":0,"parent":0,"menu_order":12,"comment_status":"closed","ping_status":"closed","template":"","meta":{"_acf_changed":false,"footnotes":""},"class_list":["post-1629","page","type-page","status-publish","hentry"],"acf":[],"_links":{"self":[{"href":"https:\/\/www.bluegreenholiday.nl\/de\/wp-json\/wp\/v2\/pages\/1629","targetHints":{"allow":["GET"]}}],"collection":[{"href":"https:\/\/www.bluegreenholiday.nl\/de\/wp-json\/wp\/v2\/pages"}],"about":[{"href":"https:\/\/www.bluegreenholiday.nl\/de\/wp-json\/wp\/v2\/types\/page"}],"author":[{"embeddable":true,"href":"https:\/\/www.bluegreenholiday.nl\/de\/wp-json\/wp\/v2\/users\/1"}],"replies":[{"embeddable":true,"href":"https:\/\/www.bluegreenholiday.nl\/de\/wp-json\/wp\/v2\/comments?post=1629"}],"version-history":[{"count":2,"href":"https:\/\/www.bluegreenholiday.nl\/de\/wp-json\/wp\/v2\/pages\/1629\/revisions"}],"predecessor-version":[{"id":1741,"href":"https:\/\/www.bluegreenholiday.nl\/de\/wp-json\/wp\/v2\/pages\/1629\/revisions\/1741"}],"wp:attachment":[{"href":"https:\/\/www.bluegreenholiday.nl\/de\/wp-json\/wp\/v2\/media?parent=1629"}],"curies":[{"name":"wp","href":"https:\/\/api.w.org\/{rel}","templated":true}]}}