{"id":1633,"date":"2021-10-18T14:00:53","date_gmt":"2021-10-18T14:00:53","guid":{"rendered":"https:\/\/www.bluegreenholiday.nl\/allgemeine-miet-und-stornierungsbedingungen\/"},"modified":"2023-11-09T10:17:28","modified_gmt":"2023-11-09T10:17:28","slug":"allgemeine-miet-und-stornierungsbedingungen","status":"publish","type":"page","link":"https:\/\/www.bluegreenholiday.nl\/de\/allgemeine-miet-und-stornierungsbedingungen\/","title":{"rendered":"Allgemeine Miet- und Stornierungsbedingungen"},"content":{"rendered":"<h3>1. Buchung<\/h3>\n<p>Eine Reservierung kann entweder digital, schriftlich oder telefonisch erfolgen und ist f\u00fcr Sie und f\u00fcr Blue Green Holiday (nachfolgend BGH) verbindlich, sofern das Objekt verf\u00fcgbar ist.<\/p>\n<h3>2. Finanzielle Vereinbarung<\/h3>\n<p>a. Nach der Buchung der gew\u00e4hlten Ferienunterkunft und des gew\u00fcnschten Zeitraums erwarten wir, dass die 50%ige Anzahlung innerhalb von 14 Tagen auf das Konto von BGH \u00fcberwiesen wird. Die verbleibenden 50 % sowie alle weiteren Nebenkosten sind sp\u00e4testens 14 Tage vor der Ankunft zu zahlen.<\/p>\n<p>b. Bei Buchungen, die innerhalb von 6 Wochen vor dem Anreisedatum erfolgen, muss der gesamte Rechnungsbetrag innerhalb von 7 Tagen bezahlt werden.<\/p>\n<p>c. Bei Buchungen, die innerhalb von 1-3 Wochen vor dem Anreisetag erfolgen, muss der gesamte Rechnungsbetrag sofort bezahlt werden.<\/p>\n<p>d. Alle zus\u00e4tzlichen Kosten m\u00fcssen im Mietvertrag im Voraus schriftlich angegeben werden.<\/p>\n<p>e. Im Falle eines Zahlungsverzugs hat BGH das Recht, die Reservierung zu stornieren. Dies kann zu Stornierungskosten f\u00fchren.<\/p>\n<p>f. Pro Reservierung erhebt BGH eine Verwaltungsgeb\u00fchr von 15 \u20ac.<\/p>\n<p>g. Etwaige Kosten f\u00fcr die Barkaution gehen zu Lasten des Mieters.<\/p>\n<p>h. Durch einen Buchungsauftrag erkl\u00e4rt sich der Mieter mit diesen Mietbedingungen einverstanden.<\/p>\n<h3>3. Rechte und Pflichten des Vermieters<\/h3>\n<p>a. Der Vermieter verpflichtet sich, dem Mieter die Mietsache zum vereinbarten Zeitpunkt sauber und in gutem Zustand zur Verf\u00fcgung zu stellen.<\/p>\n<p>b. In gegenseitigem Einvernehmen kann der Vermieter\/Eigent\u00fcmer das Mietobjekt zu jeder angemessenen Zeit besichtigen oder durch Mietinteressenten besichtigen lassen.<\/p>\n<h3>4. Rechte und Pflichten des Mieters<\/h3>\n<p>a. Der Mieter erkl\u00e4rt, dass er mit der Lage, der Ausstattung und dem ordnungsgem\u00e4\u00dfen Zustand des Mietobjekts bestens vertraut ist.<\/p>\n<p>b. Es ist nur die auf der Website angegebene H\u00f6chstzahl von Personen pro Ferienunterkunft erlaubt. Auch (Klein-)Kinder und S\u00e4uglinge z\u00e4hlen als Personen (siehe auch 11i).<\/p>\n<p>c. Der Mieter darf ohne schriftliche Zustimmung des Vermieters nicht mehr Personen im Mietobjekt \u00fcbernachten lassen, als in diesem Mietvertrag vereinbart sind. Wird die genannte Personenzahl ohne schriftliche Zustimmung \u00fcberschritten, so gilt der Vertrag als aufgel\u00f6st, ohne dass ein Anspruch auf Entsch\u00e4digung besteht.<\/p>\n<p>d. Der Mieter ist verpflichtet, das Mietobjekt w\u00e4hrend seines Aufenthaltes sauber zu halten und stets ordnungsgem\u00e4\u00df zu bewohnen, wobei er die f\u00fcr die betreffende Ferienunterkunft geltende Hausordnung zu beachten hat; dabei verursachte Sch\u00e4den an Polsterm\u00f6beln, Hausrat oder anderem sind unverz\u00fcglich zu ersetzen.<\/p>\n<p>e. Die Entsch\u00e4digungspflicht gilt auch f\u00fcr den Verlust von Hausrat und anderen zum Mietobjekt geh\u00f6renden Gegenst\u00e4nden.<\/p>\n<p>f. Der Aufenthalt in der Ferienunterkunft erfolgt auf Risiko des Mieters.<\/p>\n<p>g. Die Mieter \u00fcbernehmen auch die Verantwortung f\u00fcr ihre G\u00e4ste und ihre Familie. Die Beweislast liegt hier beim Mieter. Alle G\u00e4ste m\u00fcssen sich an die Hausordnung halten.<\/p>\n<p>h. Der Mieter erkl\u00e4rt, im Besitz einer Haftpflichtversicherung zu sein.<\/p>\n<p>i. Eine Gruppe von Personen unter 23 Jahren ist nur mit schriftlicher Zustimmung des Vermieters erlaubt<br \/>\nm\u00f6glich.<\/p>\n<p>j. Ein Hund darf nur mit vorheriger schriftlicher Genehmigung des Vermieters mitgebracht werden. Andere Haustiere sind nicht erlaubt.<\/p>\n<p>k. Der Mieter darf das Mietobjekt ausschlie\u00dflich als Ferienwohnung nutzen und darin insbesondere keinen Beruf oder ein Gewerbe aus\u00fcben. Der Mieter darf nicht mieten oder<br \/>\nleihweise abtreten.<\/p>\n<p>l. Die Verwendung von Ger\u00e4ten zum Kochen oder Waschen im Mietobjekt, die nicht vom Vermieter eingebaut oder aufgestellt wurden, ist verboten.<\/p>\n<p>m. Der Mieter muss, sofern nicht anders vereinbart, seine eigene W\u00e4sche mitbringen.<\/p>\n<p>n. Es ist den Mietern untersagt, die Umgebung durch Musik oder L\u00e4rm zu bel\u00e4stigen, insbesondere zwischen 22 Uhr und 8 Uhr morgens.<\/p>\n<h3>5. Allgemeine Bestimmungen<\/h3>\n<p>a. Die \u00dcberlassung des Mietobjekts an den Mieter erfolgt durch \u00dcbergabe der Hausschl\u00fcssel.<\/p>\n<p>b. Das Ferienobjekt muss am Anreisetag bis 22.00 Uhr bezogen sein, sofern keine anderen Vereinbarungen getroffen wurden. Mieter, die nicht p\u00fcnktlich erscheinen k\u00f6nnen, sind verpflichtet, den Vermieter rechtzeitig zu informieren.<\/p>\n<p>c. Etwaige Beanstandungen der Mietsache sollten sofort bei Mietbeginn, sp\u00e4testens jedoch 12 Jahre nach Mietbeginn, mit dem Vermieter\/Eigent\u00fcmer besprochen werden, um dem Vermieter die M\u00f6glichkeit zu geben, die Angelegenheit m\u00f6glichst sofort zu kl\u00e4ren. Nach Ablauf dieser Frist kann ein Mangel der Unterkunft nicht mehr geltend gemacht werden.<\/p>\n<p>d. Der Vermieter haftet nicht f\u00fcr die Folgen von Diebstahl, Unf\u00e4llen oder Sch\u00e4den am Eigentum des Mieters, es sei denn, es liegt ein Verschulden seinerseits vor. Dann<br \/>\nDer Vermieter kann jedoch niemals f\u00fcr mehr Kosten oder Sch\u00e4den haftbar gemacht werden, als unter diesen Umst\u00e4nden durch die normale Haftpflichtversicherung gedeckt w\u00e4ren.<\/p>\n<p>e. Am Tag der Abreise muss der Mieter die R\u00e4umlichkeiten bis sp\u00e4testens 11.00 Uhr besenrein hinterlassen, sofern nicht anders vereinbart. Ein genauer Zeitpunkt wird im Voraus mit Ihrem Vermieter vereinbart.<\/p>\n<p>g. Am Ende der Mietzeit muss der Mieter das Mietobjekt und das darin enthaltene Inventar sauber und in gutem Zustand zur\u00fcckgeben. Wenn nicht, hat der Vermieter das Recht auf<br \/>\nzus\u00e4tzliche Geb\u00fchren.<\/p>\n<p>h. Sollte der Mietgegenstand w\u00e4hrend der Mietzeit \u00fcberm\u00e4\u00dfig verschmutzt sein, k\u00f6nnen zus\u00e4tzliche Reinigungskosten berechnet werden.<\/p>\n<h3>6. Option rechts<\/h3>\n<p>a. Sie k\u00f6nnen jede Reservierung innerhalb von 8 Tagen ab dem Reservierungsdatum stornieren. Sie m\u00fcssen dies zun\u00e4chst telefonisch melden und dann schriftlich per E-Mail oder Brief unter Beif\u00fcgung der Reservierungsbest\u00e4tigung best\u00e4tigen.<\/p>\n<p>b. Die Reservierungsgeb\u00fchr m\u00fcssen Sie immer bezahlen.<\/p>\n<p>c. Im Falle einer Stornierung nach diesen 8 Tagen gelten die Stornierungsbedingungen in vollem Umfang (siehe Punkt 7).<\/p>\n<p>d.. F\u00fcr Buchungen, die innerhalb von 6 Wochen vor Beginn des Mietzeitraums erfolgen, gilt dieses Optionsrecht nicht und es gelten die normalen Stornobedingungen unter Punkt 7.<\/p>\n<h3>7. Stornierung durch den Mieter<\/h3>\n<p>a. Stornierungen m\u00fcssen BGH zun\u00e4chst telefonisch mitgeteilt und dann schriftlich per E-Mail oder Brief unter Beif\u00fcgung der Reservierungsbest\u00e4tigung best\u00e4tigt werden.<\/p>\n<p>b. Bei Stornierung nach 8 Tagen und bis zu drei Monaten vor Mietbeginn werden 15 % des Mietpreises berechnet.<\/p>\n<p>c. Bei einer Stornierung zwischen 3 Monaten und einem Monat vor Mietbeginn werden 50 % des Mietpreises berechnet.<\/p>\n<p>d. Bei einer Stornierung zwischen einem Monat und einer Woche vor Mietbeginn werden 75 % des Mietpreises berechnet.<\/p>\n<p>e. Bei einer Stornierung weniger als eine Woche vor Mietbeginn werden 100 % des Mietpreises berechnet.<\/p>\n<p>f. Im Falle einer Stornierung wird immer eine Stornogeb\u00fchr von 28 \u20ac und die Reservierungsgeb\u00fchr berechnet.<\/p>\n<h3>8. \u00c4nderung durch den Mieter<\/h3>\n<p>a. Wenn Sie Ihre bereits get\u00e4tigte Reservierung in irgendeiner Weise \u00e4ndern m\u00f6chten, teilen Sie dies bitte unverz\u00fcglich BGH mit. Diese \u00c4nderung muss von BGH schriftlich best\u00e4tigt werden. Die damit verbundenen Kosten betragen 15 \u20ac.<\/p>\n<p>b. \u00c4nderungen der Mietdauer und \u00c4nderungen des Ferienobjekts gelten als Stornierung.<\/p>\n<p>c. \u00c4nderungen in Bezug auf die Kurtaxe und optionale Buchungsposten k\u00f6nnen nach der Abreise nicht mehr vorgenommen werden.<\/p>\n<h3>9. Aufl\u00f6sung<\/h3>\n<p>a. BGH und Vermieter\/Eigent\u00fcmer sind berechtigt, diesen Vertrag als aufgel\u00f6st zu betrachten, ohne dass es einer Inverzugsetzung oder einer gerichtlichen Intervention bedarf:<\/p>\n<ul>\n<li>wenn der volle Mietbetrag nicht zu Beginn des Mietzeitraums bezahlt wird;<\/li>\n<li>wenn der Mieter das Mietobjekt vorzeitig verl\u00e4sst;<\/li>\n<li>wenn der Mieter das Mietobjekt am Tag des Mietbeginns nach 22.00 Uhr nicht bezieht, ohne schriftlich, telefonisch oder digital mitzuteilen, dass er das Mietobjekt zu einem sp\u00e4teren Zeitpunkt beziehen wird;<\/li>\n<li>wenn der Mieter seinen Verpflichtungen aus diesem Vertrag und\/oder der Hausordnung nicht nachkommt.<\/li>\n<\/ul>\n<p>b. Mit dem Verlassen des Mietobjekts erlischt jeder Anspruch auf Entsch\u00e4digung oder R\u00fcckerstattung.<\/p>\n<h3>10. Rechtsstreitigkeiten<\/h3>\n<p>a. Schriftliche Einw\u00e4nde sind in niederl\u00e4ndischer oder englischer Sprache an den BGH zu richten und werden auch dem Hauseigent\u00fcmer zugestellt. Alle Streitigkeiten, die zwischen den Parteien entstehen und nicht anders als gerichtlich entschieden werden k\u00f6nnen, werden von einem zust\u00e4ndigen Gericht in Middelburg entschieden.<\/p>\n<h3>11. Sonstiges<\/h3>\n<p>a. BGH fungiert als Vermittler zwischen Eigent\u00fcmer\/Vermieter und Mieter.<\/p>\n<p>b. Der BGH achtet sehr genau auf die Richtigkeit der Informationen, die uns der Vermieter zur Verf\u00fcgung stellt, sowie auf deren Zusammenstellung und Weitergabe.<\/p>\n<p>c. BGH und der Vermieter haften nicht:<\/p>\n<ul>\n<li>Diebstahl, Verlust oder Besch\u00e4digung jeglicher Art, die w\u00e4hrend oder als Folge eines Aufenthalts in einem Mietobjekt entstehen;<\/li>\n<li>defekte oder nicht in Betrieb genommene Ger\u00e4te;<\/li>\n<li>Unannehmlichkeiten oder Bel\u00e4stigungen, die von Dritten verursacht werden.<\/li>\n<\/ul>\n<p>c. Der allgemeine Zustand des Mietobjekts liegt in der alleinigen Verantwortung des Eigent\u00fcmers.<\/p>\n<p>d. BGH kann jedoch nicht garantieren, dass der aktuelle Zustand dem auf der Website und\/oder im Vertrag angegebenen entspricht und dass der Eigent\u00fcmer im Laufe der Zeit keine \u00c4nderungen vorgenommen hat.<\/p>\n<p>e. BGH haftet nicht f\u00fcr die Erteilung falscher Ausk\u00fcnfte und \u00fcbernimmt keine Haftung f\u00fcr Sch\u00e4den, die daraus entstehen k\u00f6nnen.<\/p>\n<p>f. Sollte eine der Bedingungen ung\u00fcltig sein, bleiben die anderen Bedingungen ausnahmslos g\u00fcltig.<\/p>\n<p>g. In unmittelbarer N\u00e4he des Mietobjekts k\u00f6nnen Arbeiten stattfinden, z. B. Stra\u00dfenarbeiten oder (Wieder-)Aufbauarbeiten. Der Vermieter oder Blue Green Holiday k\u00f6nnen keine Verantwortung oder Haftung f\u00fcr eventuelle Bel\u00e4stigungen \u00fcbernehmen.<\/p>\n","protected":false},"excerpt":{"rendered":"<p>1. Buchung Eine Reservierung kann entweder digital, schriftlich oder telefonisch erfolgen und ist f\u00fcr Sie und f\u00fcr Blue Green Holiday (nachfolgend BGH) verbindlich, sofern das Objekt verf\u00fcgbar ist. 2. Finanzielle Vereinbarung a. Nach der Buchung der gew\u00e4hlten Ferienunterkunft und des gew\u00fcnschten Zeitraums erwarten wir, dass die 50%ige Anzahlung innerhalb von 14 Tagen auf das Konto [&hellip;]<\/p>\n","protected":false},"author":1,"featured_media":0,"parent":0,"menu_order":9,"comment_status":"closed","ping_status":"closed","template":"","meta":{"_acf_changed":false,"footnotes":""},"class_list":["post-1633","page","type-page","status-publish","hentry"],"acf":[],"_links":{"self":[{"href":"https:\/\/www.bluegreenholiday.nl\/de\/wp-json\/wp\/v2\/pages\/1633","targetHints":{"allow":["GET"]}}],"collection":[{"href":"https:\/\/www.bluegreenholiday.nl\/de\/wp-json\/wp\/v2\/pages"}],"about":[{"href":"https:\/\/www.bluegreenholiday.nl\/de\/wp-json\/wp\/v2\/types\/page"}],"author":[{"embeddable":true,"href":"https:\/\/www.bluegreenholiday.nl\/de\/wp-json\/wp\/v2\/users\/1"}],"replies":[{"embeddable":true,"href":"https:\/\/www.bluegreenholiday.nl\/de\/wp-json\/wp\/v2\/comments?post=1633"}],"version-history":[{"count":1,"href":"https:\/\/www.bluegreenholiday.nl\/de\/wp-json\/wp\/v2\/pages\/1633\/revisions"}],"predecessor-version":[{"id":1634,"href":"https:\/\/www.bluegreenholiday.nl\/de\/wp-json\/wp\/v2\/pages\/1633\/revisions\/1634"}],"wp:attachment":[{"href":"https:\/\/www.bluegreenholiday.nl\/de\/wp-json\/wp\/v2\/media?parent=1633"}],"curies":[{"name":"wp","href":"https:\/\/api.w.org\/{rel}","templated":true}]}}