{"id":1636,"date":"2018-09-05T14:55:00","date_gmt":"2018-09-05T14:55:00","guid":{"rendered":"https:\/\/www.bluegreenholiday.nl\/ferien-in-zeeland\/"},"modified":"2023-11-09T09:40:02","modified_gmt":"2023-11-09T09:40:02","slug":"ferien-in-zeeland","status":"publish","type":"page","link":"https:\/\/www.bluegreenholiday.nl\/de\/ferien-in-zeeland\/","title":{"rendered":"Urlaub in Zeeland"},"content":{"rendered":"<p>Ein Urlaub in Zeeland&#8230; Eine sehr gute Idee, f\u00fcr die sich immer mehr Menschen entscheiden. Ob Sie nun mit der Familie, mit Ihrem Partner oder mit Freunden in den Urlaub fahren, Zeeland hat f\u00fcr jeden etwas zu bieten. Erw\u00e4gen Sie einen Urlaub in Zeeland? Dann lesen Sie unbedingt weiter. Wir informieren Sie gerne \u00fcber alles, was Zeeland zu bieten hat.<\/p>\n<h2>Warum ein Urlaub in Zeeland?<\/h2>\n<p>In Zeeland werden Sie entdecken, dass die Niederlande und Urlaub im eigenen Land unglaublich sch\u00f6n sein k\u00f6nnen. Mit nicht weniger als 650 Kilometern zeel\u00e4ndischer K\u00fcste ist es ein wahres Paradies f\u00fcr Strandliebhaber. Dar\u00fcber hinaus finden Sie:<\/p>\n<ul>\n<li>Nat\u00fcrliche Gebiete;<\/li>\n<li>Zahlreiche Rad- und Wanderwege<\/li>\n<li>Sch\u00f6ne malerische D\u00f6rfer und St\u00e4dte;<\/li>\n<li>Sch\u00f6ne, preiswerte und stimmungsvolle Restaurants.<\/li>\n<\/ul>\n<p>Au\u00dferdem ist Zeeland nicht sehr gro\u00df und \u00fcberf\u00fcllt. Das ist es, was Menschen aus gesch\u00e4ftigen St\u00e4dten so sehr sch\u00e4tzen, wenn sie in Zeeland Urlaub machen.<\/p>\n<h2>Die Regionen von Zeeland<\/h2>\n<p>Zeeland ist in sechs Regionen unterteilt, n\u00e4mlich<\/p>\n<ul>\n<li>Walcheren;<\/li>\n<li>Goeree- Overflakkee;<\/li>\n<li>Schouwen- Duiveland<\/li>\n<li>Nord-Beveland;<\/li>\n<li>S\u00fcd-Beveland &amp; Tholen;<\/li>\n<li>Zeeland-Flandern.<\/li>\n<\/ul>\n<p>Sie haben alle ihren eigenen Charakter und bieten interessante Sehensw\u00fcrdigkeiten und Aktivit\u00e4ten. Auch das macht einen Urlaub in Zeeland so vielseitig. Wenn Sie sich f\u00fcr eine bestimmte Region entscheiden, k\u00f6nnen Sie w\u00e4hrend Ihres Urlaubs ganz einfach auch die anderen Regionen besuchen. In der Tat sind sie alle sehr leicht zu erreichen, ohne lange Anfahrtswege.<br \/>\nBei Blue Green Holiday k\u00f6nnen Sie Ihr Ferienhaus in Zeeland und insbesondere in der Region Zuid-Beveland und Tholen buchen. Wir kennen dieses Gebiet wie kein anderer und erz\u00e4hlen Ihnen deshalb gerne mehr dar\u00fcber.<\/p>\n<h2>Ferien in Zeeland auf Zuid-Beveland und Tholen<\/h2>\n<p>S\u00fcd-Beveland liegt zwischen den Flussm\u00fcndungen von <a title=\"Die Oosterschelde im Detail erkl\u00e4rt\" href=\"https:\/\/nl.wikipedia.org\/wiki\/Oosterschelde\" target=\"_blank\" rel=\"nofollow noopener\">Oosterschelde<\/a> und <a title=\"Die Westerschelde im Detail erkl\u00e4rt\" href=\"https:\/\/nl.wikipedia.org\/wiki\/Westerschelde\" target=\"_blank\" rel=\"nofollow noopener\">Westerschelde<\/a>. Die gr\u00f6\u00dfte Stadt in diesem Gebiet ist die <a title=\"Gehen Sie w\u00e4hrend Ihres Urlaubs in Zeeland auf S\u00fcd-Beveland\" href=\"https:\/\/www.bluegreenholiday.nl\/de\/umgebung\/immer-etwas-zu-tun\/\" target=\"_blank\" rel=\"noopener\">Stadt Goes<\/a>. Quer durch S\u00fcd-Beveland verl\u00e4uft der Kanal durch S\u00fcd-Beveland, von Hansweert bis Wemeldinge. Der gr\u00f6\u00dfte Teil ist durch Deiche und Polder gekennzeichnet und besteht zum gr\u00f6\u00dften Teil aus Landwirtschaft und Obstanbau.<\/p>\n<p><img loading=\"lazy\" decoding=\"async\" src=\"http:\/\/www.bluegreenholiday.nl\/wp-content\/uploads\/2021\/11\/Watersport_Zuid-_Beveland.jpg\" alt=\"Wassersport S\u00fcd-Beveland\" width=\"224\" height=\"149\" \/><\/p>\n<p>Sie lieben den Strand, aber auch die Ruhe und die S\u00fc\u00dfe? Dann sind die zahlreichen kleinen Sandstr\u00e4nde von Zuid- Beveland &amp; Tholen genau das Richtige f\u00fcr Sie. Die Gegend ist auch f\u00fcr Wassersportler ein idealer Ort. Die Ost- und die Westerschelde sind ideal f\u00fcr Segler. Und der Veere-See wiederum eignet sich sehr gut f\u00fcr kleinere Wassersportarten, wie z. B.:<\/p>\n<ul>\n<li>Windsurfen;<\/li>\n<li><span style=\"text-align: left; color: #444444; text-transform: none; text-indent: 0px; letter-spacing: normal; font-family: 'Helvetica Neue',Helvetica,Arial,sans-serif; font-size: 13px; font-style: normal; font-variant: normal; font-weight: 400; text-decoration: none; word-spacing: 0px; white-space: normal; orphans: 2; float: none; background-color: transparent;\">Wasserskifahren<\/span>;<\/li>\n<li>Schwimmen;<\/li>\n<li>Segeln;<\/li>\n<li>Tauchen;<\/li>\n<li>Fisch.<\/li>\n<\/ul>\n<p>Auch im Zak van Zuid-Beveland k\u00f6nnen Sie nach Herzenslust wandern und Rad fahren. Dies ist ein gro\u00dfes Obstanbaugebiet (vor allem \u00c4pfel, Birnen und schwarze Johannisbeeren). Besonders beliebt ist er im Fr\u00fchjahr, wenn die Obstb\u00e4ume bl\u00fchen. Die Gegend bietet wundersch\u00f6ne Bilder, denn sie ist von Deichen und Wei\u00dfdornhecken umgeben.<\/p>\n<h2>Buchen Sie einen Urlaub in Zeeland auf Zuid-Beveland und Tholen<\/h2>\n<p>Wir k\u00f6nnen Ihnen viel mehr \u00fcber South Beveland und Tholen erz\u00e4hlen. Was Sie hier lesen, ist nur ein Teil dessen, was ein Urlaub hier zu bieten hat. Bei der Vielfalt der M\u00f6glichkeiten in South Beveland kann man mit Fug und Recht behaupten, dass es ein Urlaub zum Probieren, Sehen, Erleben und Genie\u00dfen ist.<br \/>\nWir helfen Ihnen gerne bei der Suche nach der richtigen Ferienunterkunft. Sie finden verschiedene Ferienh\u00e4user f\u00fcr einen Urlaub in Zeeland in Orten wie Yerseke, Goes und Wemeldinge.<br \/>\nWenn Sie bei Blue Green Holiday buchen, ist Ihnen ein unbeschwerter Urlaub in Zeeland mit pers\u00f6nlichem Kontakt von der Ankunft bis zur Abreise garantiert.<\/p>\n<p>&nbsp;<\/p>\n","protected":false},"excerpt":{"rendered":"<p>Ein Urlaub in Zeeland&#8230; Eine sehr gute Idee, f\u00fcr die sich immer mehr Menschen entscheiden. Ob Sie nun mit der Familie, mit Ihrem Partner oder mit Freunden in den Urlaub fahren, Zeeland hat f\u00fcr jeden etwas zu bieten. Erw\u00e4gen Sie einen Urlaub in Zeeland? Dann lesen Sie unbedingt weiter. Wir informieren Sie gerne \u00fcber alles, [&hellip;]<\/p>\n","protected":false},"author":1,"featured_media":1464,"parent":0,"menu_order":0,"comment_status":"closed","ping_status":"closed","template":"","meta":{"_acf_changed":false,"footnotes":""},"class_list":["post-1636","page","type-page","status-publish","has-post-thumbnail","hentry"],"acf":[],"_links":{"self":[{"href":"https:\/\/www.bluegreenholiday.nl\/de\/wp-json\/wp\/v2\/pages\/1636","targetHints":{"allow":["GET"]}}],"collection":[{"href":"https:\/\/www.bluegreenholiday.nl\/de\/wp-json\/wp\/v2\/pages"}],"about":[{"href":"https:\/\/www.bluegreenholiday.nl\/de\/wp-json\/wp\/v2\/types\/page"}],"author":[{"embeddable":true,"href":"https:\/\/www.bluegreenholiday.nl\/de\/wp-json\/wp\/v2\/users\/1"}],"replies":[{"embeddable":true,"href":"https:\/\/www.bluegreenholiday.nl\/de\/wp-json\/wp\/v2\/comments?post=1636"}],"version-history":[{"count":3,"href":"https:\/\/www.bluegreenholiday.nl\/de\/wp-json\/wp\/v2\/pages\/1636\/revisions"}],"predecessor-version":[{"id":1726,"href":"https:\/\/www.bluegreenholiday.nl\/de\/wp-json\/wp\/v2\/pages\/1636\/revisions\/1726"}],"wp:featuredmedia":[{"embeddable":true,"href":"https:\/\/www.bluegreenholiday.nl\/de\/wp-json\/wp\/v2\/media\/1464"}],"wp:attachment":[{"href":"https:\/\/www.bluegreenholiday.nl\/de\/wp-json\/wp\/v2\/media?parent=1636"}],"curies":[{"name":"wp","href":"https:\/\/api.w.org\/{rel}","templated":true}]}}