{"id":1787,"date":"2024-01-02T12:56:13","date_gmt":"2024-01-02T12:56:13","guid":{"rendered":"https:\/\/www.bluegreenholiday.nl\/ferienhaeuser-in-kamperland\/"},"modified":"2024-01-04T16:18:41","modified_gmt":"2024-01-04T16:18:41","slug":"ferienhaeuser-in-kamperland","status":"publish","type":"page","link":"https:\/\/www.bluegreenholiday.nl\/de\/ferienhaeuser-in-kamperland\/","title":{"rendered":"Ferienh\u00e4user in Kamperland"},"content":{"rendered":"<p>Erkunden Sie Kamperland, das gr\u00f6\u00dfte Dorf auf der bezaubernden &#8222;endlosen Insel&#8220; Nordbeveland. Umgeben von Wasser, Str\u00e4nden und lebhaften Aktivit\u00e4ten ist Kamperland das Ziel f\u00fcr einen unvergesslichen Urlaub. Entdecken Sie das Inselgef\u00fchl, wenn Sie entlang des Sturmflutwehrs der Oosterschelde radeln oder die Br\u00fccke bei Katse Veer nehmen. Genie\u00dfen Sie verschiedene Naturschutzgebiete wie Schotsman und Goudplaat, die sich hervorragend zum Wandern und Reiten eignen. Kaufen Sie im gem\u00fctlichen Stadtzentrum und im Einkaufszentrum ein, probieren Sie kulinarische K\u00f6stlichkeiten in den \u00f6rtlichen Restaurants und erleben Sie Abenteuer auf der Five Star Farm oder bei einer Robbensafari. Erleben Sie die Gastfreundschaft Zeelands in einer gem\u00fctlichen Wohnung oder einer ger\u00e4umigen Villa &#8211; Ihr Traumurlaub beginnt hier! Buchen Sie noch heute und lassen Sie sich von Kamperland verzaubern.<\/p>\n","protected":false},"excerpt":{"rendered":"<p>Erkunden Sie Kamperland, das gr\u00f6\u00dfte Dorf auf der bezaubernden &#8222;endlosen Insel&#8220; Nordbeveland. Umgeben von Wasser, Str\u00e4nden und lebhaften Aktivit\u00e4ten ist Kamperland das Ziel f\u00fcr einen unvergesslichen Urlaub. Entdecken Sie das Inselgef\u00fchl, wenn Sie entlang des Sturmflutwehrs der Oosterschelde radeln oder die Br\u00fccke bei Katse Veer nehmen. Genie\u00dfen Sie verschiedene Naturschutzgebiete wie Schotsman und Goudplaat, die [&hellip;]<\/p>\n","protected":false},"author":1,"featured_media":1584,"parent":0,"menu_order":0,"comment_status":"closed","ping_status":"closed","template":"","meta":{"_acf_changed":false,"footnotes":""},"class_list":["post-1787","page","type-page","status-publish","has-post-thumbnail","hentry"],"acf":[],"_links":{"self":[{"href":"https:\/\/www.bluegreenholiday.nl\/de\/wp-json\/wp\/v2\/pages\/1787","targetHints":{"allow":["GET"]}}],"collection":[{"href":"https:\/\/www.bluegreenholiday.nl\/de\/wp-json\/wp\/v2\/pages"}],"about":[{"href":"https:\/\/www.bluegreenholiday.nl\/de\/wp-json\/wp\/v2\/types\/page"}],"author":[{"embeddable":true,"href":"https:\/\/www.bluegreenholiday.nl\/de\/wp-json\/wp\/v2\/users\/1"}],"replies":[{"embeddable":true,"href":"https:\/\/www.bluegreenholiday.nl\/de\/wp-json\/wp\/v2\/comments?post=1787"}],"version-history":[{"count":1,"href":"https:\/\/www.bluegreenholiday.nl\/de\/wp-json\/wp\/v2\/pages\/1787\/revisions"}],"predecessor-version":[{"id":1788,"href":"https:\/\/www.bluegreenholiday.nl\/de\/wp-json\/wp\/v2\/pages\/1787\/revisions\/1788"}],"wp:featuredmedia":[{"embeddable":true,"href":"https:\/\/www.bluegreenholiday.nl\/de\/wp-json\/wp\/v2\/media\/1584"}],"wp:attachment":[{"href":"https:\/\/www.bluegreenholiday.nl\/de\/wp-json\/wp\/v2\/media?parent=1787"}],"curies":[{"name":"wp","href":"https:\/\/api.w.org\/{rel}","templated":true}]}}