{"id":1818,"date":"2024-01-04T16:24:20","date_gmt":"2024-01-04T16:24:20","guid":{"rendered":"https:\/\/www.bluegreenholiday.nl\/ferienhaeuser-in-baarland\/"},"modified":"2026-01-03T11:24:31","modified_gmt":"2026-01-03T11:24:31","slug":"ferienhaeuser-in-baarland","status":"publish","type":"page","link":"https:\/\/www.bluegreenholiday.nl\/de\/ferienhaeuser-in-baarland\/","title":{"rendered":"Ferienhaus Baarland"},"content":{"rendered":"<p><strong>Entdecken Sie, warum sich so viele Menschen f\u00fcr ein Ferienhaus in Baarland entscheiden: Genie\u00dfen Sie den nahe gelegenen Strand, die weite Natur und das authentische Leben in Zeeland. Buchen Sie Ihr Ferienhaus in Baarland und erleben Sie Zeeland von seiner sch\u00f6nsten Seite!<\/strong><\/p>\n<p><strong>Zeeland ist ein vielseitiges Urlaubsziel, sch\u00f6n und nah an der Heimat. Hier finden Sie alles, um Ihren Urlaub zu vervollst\u00e4ndigen! Die sch\u00f6nsten Sandstr\u00e4nde, die meisten Sonnenstunden, gem\u00fctliche St\u00e4dte und wundersch\u00f6ne Natur. Es ist also logisch, dass die s\u00fcdwestliche Ecke der Niederlande bei Familien und Paaren, bei Sonnenanbetern und Naturliebhabern und allem dazwischen so beliebt ist! Ferienh\u00e4user in Zeeland gibt es in allen Formen und Gr\u00f6\u00dfen. Zum Gl\u00fcck finden Sie immer eine, die Ihren Bed\u00fcrfnissen entspricht. Blue Green Holiday ist der Spezialist f\u00fcr Ferienh\u00e4user in Zeeland. Sie m\u00f6chten ein Ferienhaus in Zeeland mieten? Dann beginnen Sie hier!<\/strong><\/p>\n<p>&nbsp;<\/p>\n<p>&nbsp;<\/p>\n","protected":false},"excerpt":{"rendered":"<p>Entdecken Sie, warum sich so viele Menschen f\u00fcr ein Ferienhaus in Baarland entscheiden: Genie\u00dfen Sie den nahe gelegenen Strand, die weite Natur und das authentische Leben in Zeeland. Buchen Sie Ihr Ferienhaus in Baarland und erleben Sie Zeeland von seiner sch\u00f6nsten Seite! Zeeland ist ein vielseitiges Urlaubsziel, sch\u00f6n und nah an der Heimat. Hier finden [&hellip;]<\/p>\n","protected":false},"author":1,"featured_media":1554,"parent":0,"menu_order":0,"comment_status":"closed","ping_status":"closed","template":"","meta":{"_acf_changed":false,"footnotes":""},"class_list":["post-1818","page","type-page","status-publish","has-post-thumbnail","hentry"],"acf":[],"_links":{"self":[{"href":"https:\/\/www.bluegreenholiday.nl\/de\/wp-json\/wp\/v2\/pages\/1818","targetHints":{"allow":["GET"]}}],"collection":[{"href":"https:\/\/www.bluegreenholiday.nl\/de\/wp-json\/wp\/v2\/pages"}],"about":[{"href":"https:\/\/www.bluegreenholiday.nl\/de\/wp-json\/wp\/v2\/types\/page"}],"author":[{"embeddable":true,"href":"https:\/\/www.bluegreenholiday.nl\/de\/wp-json\/wp\/v2\/users\/1"}],"replies":[{"embeddable":true,"href":"https:\/\/www.bluegreenholiday.nl\/de\/wp-json\/wp\/v2\/comments?post=1818"}],"version-history":[{"count":2,"href":"https:\/\/www.bluegreenholiday.nl\/de\/wp-json\/wp\/v2\/pages\/1818\/revisions"}],"predecessor-version":[{"id":2270,"href":"https:\/\/www.bluegreenholiday.nl\/de\/wp-json\/wp\/v2\/pages\/1818\/revisions\/2270"}],"wp:featuredmedia":[{"embeddable":true,"href":"https:\/\/www.bluegreenholiday.nl\/de\/wp-json\/wp\/v2\/media\/1554"}],"wp:attachment":[{"href":"https:\/\/www.bluegreenholiday.nl\/de\/wp-json\/wp\/v2\/media?parent=1818"}],"curies":[{"name":"wp","href":"https:\/\/api.w.org\/{rel}","templated":true}]}}