{"id":1820,"date":"2024-01-04T16:25:37","date_gmt":"2024-01-04T16:25:37","guid":{"rendered":"https:\/\/www.bluegreenholiday.nl\/ferienhaeuser-in-kortgene\/"},"modified":"2024-01-05T13:19:47","modified_gmt":"2024-01-05T13:19:47","slug":"ferienhaeuser-in-kortgene","status":"publish","type":"page","link":"https:\/\/www.bluegreenholiday.nl\/de\/ferienhaeuser-in-kortgene\/","title":{"rendered":"Ferienh\u00e4user in Kortgene"},"content":{"rendered":"<p>Kortgene, ein lebhaftes Wassersportdorf am Veerse Meer auf Nord-Beveland, zieht sowohl Wassersportler als auch Naturliebhaber an. Der Veere-See bietet ein breites Spektrum an Wassersportaktivit\u00e4ten, darunter Segeln, Surfen und Kitesurfen, und ist aufgrund seiner flachen Ufer und des gezeitenfreien Wassers ideal f\u00fcr Familien mit Kindern. Ein Highlight ist die Fahrrad- und Fu\u00dfg\u00e4ngerf\u00e4hre nach Wolphaartsdijk, wo Sie malerische Ausblicke auf Segel- und Motorboote genie\u00dfen k\u00f6nnen.<\/p>\n<p>Der historische Charme von Kortgene spiegelt sich in der wundersch\u00f6n restaurierten M\u00fchle De Korenbloem wider, die aus dem Jahr 1873 stammt und das \u00e4lteste Bauwerk in Noord-Beveland ist. Die M\u00fchle und der M\u00fchlenladen sind jeden Samstag ge\u00f6ffnet, und auch an anderen Tagen k\u00f6nnen Sie die M\u00fchle in Betrieb sehen. In Kortgene befindet sich auch das einzige noch erhaltene mittelalterliche Bauwerk der Insel, die Nicolaaskerk, der die Stadtrechte verliehen wurden. Im Kirchturm befindet sich die Glocke &#8222;Suzanne&#8220;, die 1674 von Admiral Cornelis Tromp erbeutet und nach dem Zweiten Weltkrieg restauriert wurde.<\/p>\n<p>Die lebhafte Hauptstra\u00dfe von Kortgene bietet vor allem im Sommer gem\u00fctliche Gesch\u00e4fte und Restaurants. Jeden Samstag findet in der N\u00e4he der Kirche ein Markt statt, auf dem man lokale Produkte kaufen kann. Die Restaurants entlang der Hauptstra\u00dfe und der Kaaistraat sind ideale Ausgangs- oder Endpunkte f\u00fcr Wander- oder Radtouren \u00fcber die Insel, mit malerischen Deichstra\u00dfen und einzigartigen Ausblicken auf das Veeresee und die Oosterschelde. Naturschutzgebiete wie Goudplaat und Schotsman bieten die M\u00f6glichkeit, Pferde, Rehe und Rinder zu beobachten, was Kortgene zu einem vielseitigen Reiseziel macht, das f\u00fcr jeden etwas zu bieten hat.<\/p>\n","protected":false},"excerpt":{"rendered":"<p>Kortgene, ein lebhaftes Wassersportdorf am Veerse Meer auf Nord-Beveland, zieht sowohl Wassersportler als auch Naturliebhaber an. Der Veere-See bietet ein breites Spektrum an Wassersportaktivit\u00e4ten, darunter Segeln, Surfen und Kitesurfen, und ist aufgrund seiner flachen Ufer und des gezeitenfreien Wassers ideal f\u00fcr Familien mit Kindern. Ein Highlight ist die Fahrrad- und Fu\u00dfg\u00e4ngerf\u00e4hre nach Wolphaartsdijk, wo Sie [&hellip;]<\/p>\n","protected":false},"author":1,"featured_media":1589,"parent":0,"menu_order":0,"comment_status":"closed","ping_status":"closed","template":"","meta":{"_acf_changed":false,"footnotes":""},"class_list":["post-1820","page","type-page","status-publish","has-post-thumbnail","hentry"],"acf":[],"_links":{"self":[{"href":"https:\/\/www.bluegreenholiday.nl\/de\/wp-json\/wp\/v2\/pages\/1820","targetHints":{"allow":["GET"]}}],"collection":[{"href":"https:\/\/www.bluegreenholiday.nl\/de\/wp-json\/wp\/v2\/pages"}],"about":[{"href":"https:\/\/www.bluegreenholiday.nl\/de\/wp-json\/wp\/v2\/types\/page"}],"author":[{"embeddable":true,"href":"https:\/\/www.bluegreenholiday.nl\/de\/wp-json\/wp\/v2\/users\/1"}],"replies":[{"embeddable":true,"href":"https:\/\/www.bluegreenholiday.nl\/de\/wp-json\/wp\/v2\/comments?post=1820"}],"version-history":[{"count":1,"href":"https:\/\/www.bluegreenholiday.nl\/de\/wp-json\/wp\/v2\/pages\/1820\/revisions"}],"predecessor-version":[{"id":1821,"href":"https:\/\/www.bluegreenholiday.nl\/de\/wp-json\/wp\/v2\/pages\/1820\/revisions\/1821"}],"wp:featuredmedia":[{"embeddable":true,"href":"https:\/\/www.bluegreenholiday.nl\/de\/wp-json\/wp\/v2\/media\/1589"}],"wp:attachment":[{"href":"https:\/\/www.bluegreenholiday.nl\/de\/wp-json\/wp\/v2\/media?parent=1820"}],"curies":[{"name":"wp","href":"https:\/\/api.w.org\/{rel}","templated":true}]}}