{"id":1822,"date":"2024-01-05T10:20:01","date_gmt":"2024-01-05T10:20:01","guid":{"rendered":"https:\/\/www.bluegreenholiday.nl\/ferienhaeuser-in-waarde\/"},"modified":"2024-01-05T13:19:53","modified_gmt":"2024-01-05T13:19:53","slug":"ferienhaeuser-in-waarde","status":"publish","type":"page","link":"https:\/\/www.bluegreenholiday.nl\/de\/ferienhaeuser-in-waarde\/","title":{"rendered":"Ferienh\u00e4user in Waarde"},"content":{"rendered":"<p>Entdecken Sie das charmante zeel\u00e4ndische Dorf Waarde, ein kleines, aber lebendiges Juwel am Rande der Westerscheldem\u00fcndung. Inmitten von Feldern, Wiesen und ausgedehnten Obstplantagen mit \u00c4pfeln und Birnen bietet Waarde einen idyllischen R\u00fcckzugsort f\u00fcr Ruhesuchende. Mit nur 1.445 Einwohnern (2021) strahlt das Dorf eine ruhige Atmosph\u00e4re aus, abseits der Touristenstr\u00f6me, die Zeeland normalerweise \u00fcberschwemmen.<\/p>\n<p>Historisch gesehen war Waarde bis 1970 eine eigenst\u00e4ndige Gemeinde, die dann mit der Gemeinde Reimerswaal zusammengelegt wurde. F\u00fcr diejenigen, die Ruhe und Frieden lieben, ist Value eine wahre Oase der Ruhe.<\/p>\n<p>Inmitten dieser friedlichen Landschaft befindet sich die markante M\u00fchle &#8222;der Hut&#8220;, ein sch\u00f6nes Wahrzeichen, dessen Segel sich mit etwas Gl\u00fcck majest\u00e4tisch drehen. Weiter hinten leuchtet das ehemalige Rathaus, ein Nationaldenkmal aus dem Jahr 1909, und der Turm der niederl\u00e4ndisch-reformierten Kirche aus dem 14. Jahrhundert ragt \u00fcber die D\u00e4cher.<\/p>\n<p>Value hat eine Besonderheit: Viele Einwohner sind selbst\u00e4ndig, vor allem im Obstbau t\u00e4tig. F\u00fcr Sportbegeisterte gibt es einen Tennis- und einen Fu\u00dfballverein, in denen sich die Gemeinde zu aktiven Aktivit\u00e4ten trifft.<\/p>\n<p>Entfliehen Sie der Hektik, genie\u00dfen Sie Geschichte und Natur und buchen Sie jetzt Ihren Urlaub im ruhigen Waarde. Erleben Sie den Charme dieses seel\u00e4ndischen Dorfes und lassen Sie sich von der herzlichen Gastfreundschaft der Einheimischen \u00fcberraschen. Es erwartet Sie ein unvergessliches Urlaubserlebnis im Herzen von Zeeland.<\/p>\n","protected":false},"excerpt":{"rendered":"<p>Entdecken Sie das charmante zeel\u00e4ndische Dorf Waarde, ein kleines, aber lebendiges Juwel am Rande der Westerscheldem\u00fcndung. Inmitten von Feldern, Wiesen und ausgedehnten Obstplantagen mit \u00c4pfeln und Birnen bietet Waarde einen idyllischen R\u00fcckzugsort f\u00fcr Ruhesuchende. Mit nur 1.445 Einwohnern (2021) strahlt das Dorf eine ruhige Atmosph\u00e4re aus, abseits der Touristenstr\u00f6me, die Zeeland normalerweise \u00fcberschwemmen. Historisch gesehen [&hellip;]<\/p>\n","protected":false},"author":2,"featured_media":1815,"parent":0,"menu_order":0,"comment_status":"closed","ping_status":"closed","template":"","meta":{"_acf_changed":false,"footnotes":""},"class_list":["post-1822","page","type-page","status-publish","has-post-thumbnail","hentry"],"acf":[],"_links":{"self":[{"href":"https:\/\/www.bluegreenholiday.nl\/de\/wp-json\/wp\/v2\/pages\/1822","targetHints":{"allow":["GET"]}}],"collection":[{"href":"https:\/\/www.bluegreenholiday.nl\/de\/wp-json\/wp\/v2\/pages"}],"about":[{"href":"https:\/\/www.bluegreenholiday.nl\/de\/wp-json\/wp\/v2\/types\/page"}],"author":[{"embeddable":true,"href":"https:\/\/www.bluegreenholiday.nl\/de\/wp-json\/wp\/v2\/users\/2"}],"replies":[{"embeddable":true,"href":"https:\/\/www.bluegreenholiday.nl\/de\/wp-json\/wp\/v2\/comments?post=1822"}],"version-history":[{"count":1,"href":"https:\/\/www.bluegreenholiday.nl\/de\/wp-json\/wp\/v2\/pages\/1822\/revisions"}],"predecessor-version":[{"id":1823,"href":"https:\/\/www.bluegreenholiday.nl\/de\/wp-json\/wp\/v2\/pages\/1822\/revisions\/1823"}],"wp:featuredmedia":[{"embeddable":true,"href":"https:\/\/www.bluegreenholiday.nl\/de\/wp-json\/wp\/v2\/media\/1815"}],"wp:attachment":[{"href":"https:\/\/www.bluegreenholiday.nl\/de\/wp-json\/wp\/v2\/media?parent=1822"}],"curies":[{"name":"wp","href":"https:\/\/api.w.org\/{rel}","templated":true}]}}