{"id":1824,"date":"2024-01-04T16:24:54","date_gmt":"2024-01-04T16:24:54","guid":{"rendered":"https:\/\/www.bluegreenholiday.nl\/ferienhaeuser-in-wemeldinge\/"},"modified":"2024-01-05T13:19:58","modified_gmt":"2024-01-05T13:19:58","slug":"ferienhaeuser-in-wemeldinge","status":"publish","type":"page","link":"https:\/\/www.bluegreenholiday.nl\/de\/ferienhaeuser-in-wemeldinge\/","title":{"rendered":"Ferienh\u00e4user in Wemeldinge"},"content":{"rendered":"<p>Wemeldinge, die Perle an der Oosterscheldem\u00fcndung, ist ein typisches seel\u00e4ndisches Dorf mit einer reichen Geschichte und sch\u00f6ner Natur. Das aus dem 11. Jahrhundert stammende Dorf hat seinen alten Charme bewahrt, und die Dorpsstraat ist ein gesch\u00fctzter Ort. Der Jachthafen, fr\u00fcher ein lebendiger Schleusenkomplex, wurde zu einem zeitgem\u00e4\u00dfen Hafen modernisiert.<\/p>\n<p>Dieses wohlhabende Dorf, das zur Gemeinde Kapelle geh\u00f6rt, hat sich im Laufe der Jahrhunderte von einem Schifffahrts- und Landwirtschaftszentrum zu einem attraktiven Naherholungsgebiet entwickelt. Die Umgebung von Wemeldinge l\u00e4dt zum Radfahren und Wandern ein, zum Beispiel auf dem Radweg entlang des Oosterscheldedeichs. Die N\u00e4he des Nationalparks Oosterschelde bietet zahlreiche Wassersportm\u00f6glichkeiten wie Schwimmen, Segeln, Angeln und Tauchen.<\/p>\n<p>Wemeldinge empf\u00e4ngt Urlauber mit ausgezeichneten Restaurants, einem modernen Jachthafen und der Ruhe der seel\u00e4ndischen Natur. Das historische Dorf, das salzige Wasser der Oosterschelde und die unber\u00fchrte Umgebung machen es zu einem idealen Ziel f\u00fcr Liebhaber von Ruhe und Frieden. Abseits des Massentourismus ist Wemeldinge ideal f\u00fcr Sonnenhungrige, die auch die Umgebung, wie das nahe gelegene Muscheldorf Yerseke, genie\u00dfen m\u00f6chten. F\u00fcr einen erholsamen Urlaub in diesem charaktervollen Dorf sind wir Ihnen gerne bei der Suche und Buchung einer komfortablen Ferienwohnung in Wemeldinge und Umgebung behilflich.<\/p>\n","protected":false},"excerpt":{"rendered":"<p>Wemeldinge, die Perle an der Oosterscheldem\u00fcndung, ist ein typisches seel\u00e4ndisches Dorf mit einer reichen Geschichte und sch\u00f6ner Natur. Das aus dem 11. Jahrhundert stammende Dorf hat seinen alten Charme bewahrt, und die Dorpsstraat ist ein gesch\u00fctzter Ort. Der Jachthafen, fr\u00fcher ein lebendiger Schleusenkomplex, wurde zu einem zeitgem\u00e4\u00dfen Hafen modernisiert. Dieses wohlhabende Dorf, das zur Gemeinde [&hellip;]<\/p>\n","protected":false},"author":1,"featured_media":1378,"parent":0,"menu_order":0,"comment_status":"closed","ping_status":"closed","template":"","meta":{"_acf_changed":false,"footnotes":""},"class_list":["post-1824","page","type-page","status-publish","has-post-thumbnail","hentry"],"acf":[],"_links":{"self":[{"href":"https:\/\/www.bluegreenholiday.nl\/de\/wp-json\/wp\/v2\/pages\/1824","targetHints":{"allow":["GET"]}}],"collection":[{"href":"https:\/\/www.bluegreenholiday.nl\/de\/wp-json\/wp\/v2\/pages"}],"about":[{"href":"https:\/\/www.bluegreenholiday.nl\/de\/wp-json\/wp\/v2\/types\/page"}],"author":[{"embeddable":true,"href":"https:\/\/www.bluegreenholiday.nl\/de\/wp-json\/wp\/v2\/users\/1"}],"replies":[{"embeddable":true,"href":"https:\/\/www.bluegreenholiday.nl\/de\/wp-json\/wp\/v2\/comments?post=1824"}],"version-history":[{"count":1,"href":"https:\/\/www.bluegreenholiday.nl\/de\/wp-json\/wp\/v2\/pages\/1824\/revisions"}],"predecessor-version":[{"id":1825,"href":"https:\/\/www.bluegreenholiday.nl\/de\/wp-json\/wp\/v2\/pages\/1824\/revisions\/1825"}],"wp:featuredmedia":[{"embeddable":true,"href":"https:\/\/www.bluegreenholiday.nl\/de\/wp-json\/wp\/v2\/media\/1378"}],"wp:attachment":[{"href":"https:\/\/www.bluegreenholiday.nl\/de\/wp-json\/wp\/v2\/media?parent=1824"}],"curies":[{"name":"wp","href":"https:\/\/api.w.org\/{rel}","templated":true}]}}