{"id":1826,"date":"2024-01-04T16:25:15","date_gmt":"2024-01-04T16:25:15","guid":{"rendered":"https:\/\/www.bluegreenholiday.nl\/ferienhaeuser-in-yerseke\/"},"modified":"2024-01-05T13:20:01","modified_gmt":"2024-01-05T13:20:01","slug":"ferienhaeuser-in-yerseke","status":"publish","type":"page","link":"https:\/\/www.bluegreenholiday.nl\/de\/ferienhaeuser-in-yerseke\/","title":{"rendered":"Ferienh\u00e4user in Yerseke"},"content":{"rendered":"<p>Yerseke, das malerische zeel\u00e4ndische Dorf an der Oosterscheldem\u00fcndung, strahlt mit seiner ber\u00fchmten Muschel- und Austernzucht eine gro\u00dfe Liebe zum Meer aus. Gegr\u00fcndet im Jahr 980 als &#8222;Gersicha&#8220;, nach der \u00dcberschwemmung von Saint Felix im Jahr 1530, und in ein wohlhabendes Fischerdorf umgewandelt.<\/p>\n<p>Die H\u00e4fen von Yerseke zeugen von ihrer reichen Geschichte mit authentischen Austernlotsen und Austerngruben. Die weltber\u00fchmte Muschelauktion und der Fischfang machen die Stadt zu einem Paradies f\u00fcr Liebhaber von Meeresfr\u00fcchten. Entdecken Sie die Austerngruben am Havendijk und am Korringaweg, wo die Austern &#8222;ruhen&#8220;, und bewundern Sie die Hummerparks.<\/p>\n<p>Auf der anderen Seite der Yerseke liegt das wundersch\u00f6ne Naturschutzgebiet Yerseke Moer, eine wertvolle Landschaft mit vielf\u00e4ltigen Vogelarten und einer \u00fcppigen Flora. Das gem\u00fctliche Zentrum bietet Gesch\u00e4fte und Restaurants, w\u00e4hrend der Strand von Dam und die M\u00f6glichkeit, Krabben zu fangen, zur Entspannung einladen.<\/p>\n<p>Yerseke bietet auch Aktivit\u00e4ten auf dem Wasser an, darunter Angeln, Rundfahrten auf der Oosterschelde und organisierte Angelausfl\u00fcge. Von Yerseke aus k\u00f6nnen Sie die Muschelb\u00e4nke erkunden, Wattwanderungen unternehmen und Seehunde beobachten.<\/p>\n<p>Ein Urlaub in Yerseke und Umgebung verspricht ein unvergessliches Erlebnis, bei dem es viel zu sehen und zu erleben gibt. Wir helfen Ihnen, ein komfortables Ferienhaus f\u00fcr einen perfekten Urlaub in Zeeland zu finden.<\/p>\n","protected":false},"excerpt":{"rendered":"<p>Yerseke, das malerische zeel\u00e4ndische Dorf an der Oosterscheldem\u00fcndung, strahlt mit seiner ber\u00fchmten Muschel- und Austernzucht eine gro\u00dfe Liebe zum Meer aus. Gegr\u00fcndet im Jahr 980 als &#8222;Gersicha&#8220;, nach der \u00dcberschwemmung von Saint Felix im Jahr 1530, und in ein wohlhabendes Fischerdorf umgewandelt. Die H\u00e4fen von Yerseke zeugen von ihrer reichen Geschichte mit authentischen Austernlotsen und [&hellip;]<\/p>\n","protected":false},"author":1,"featured_media":1388,"parent":0,"menu_order":0,"comment_status":"closed","ping_status":"closed","template":"","meta":{"_acf_changed":false,"footnotes":""},"class_list":["post-1826","page","type-page","status-publish","has-post-thumbnail","hentry"],"acf":[],"_links":{"self":[{"href":"https:\/\/www.bluegreenholiday.nl\/de\/wp-json\/wp\/v2\/pages\/1826","targetHints":{"allow":["GET"]}}],"collection":[{"href":"https:\/\/www.bluegreenholiday.nl\/de\/wp-json\/wp\/v2\/pages"}],"about":[{"href":"https:\/\/www.bluegreenholiday.nl\/de\/wp-json\/wp\/v2\/types\/page"}],"author":[{"embeddable":true,"href":"https:\/\/www.bluegreenholiday.nl\/de\/wp-json\/wp\/v2\/users\/1"}],"replies":[{"embeddable":true,"href":"https:\/\/www.bluegreenholiday.nl\/de\/wp-json\/wp\/v2\/comments?post=1826"}],"version-history":[{"count":1,"href":"https:\/\/www.bluegreenholiday.nl\/de\/wp-json\/wp\/v2\/pages\/1826\/revisions"}],"predecessor-version":[{"id":1827,"href":"https:\/\/www.bluegreenholiday.nl\/de\/wp-json\/wp\/v2\/pages\/1826\/revisions\/1827"}],"wp:featuredmedia":[{"embeddable":true,"href":"https:\/\/www.bluegreenholiday.nl\/de\/wp-json\/wp\/v2\/media\/1388"}],"wp:attachment":[{"href":"https:\/\/www.bluegreenholiday.nl\/de\/wp-json\/wp\/v2\/media?parent=1826"}],"curies":[{"name":"wp","href":"https:\/\/api.w.org\/{rel}","templated":true}]}}